{"id":915,"date":"2018-08-07T09:38:00","date_gmt":"2018-08-07T07:38:00","guid":{"rendered":"https:\/\/hostalbubango.com\/blog\/"},"modified":"2025-11-10T09:50:16","modified_gmt":"2025-11-10T08:50:16","slug":"blog","status":"publish","type":"page","link":"https:\/\/hostalbubango.com\/en\/blog\/","title":{"rendered":"Blog"},"content":{"rendered":"<div class=\"wpb-content-wrapper\"><p>[vc_row dahz_id=&#8221;1741694879967-e7f45efe-6de1&#8243;][vc_column dahz_id=&#8221;1741694879970-30cd6255-21f5&#8243;]<div class=\"uk-position-relative de-shortcode__wrapper de-shortcode__wrapper--post_tabs uk-margin\" data-dahz-shortcode-key=\"1762245337120-ec7d1bf8-58db\" style=\"\">\r\n\t<div data-uk-filter=\"target: div &gt; .de-sc-post-tabs__container;\" class=\"de-sc-post-slider uk-flex uk-flex-column\" data-hover-effect=\"zoom\">\r\n\t\r\n\t<ul class=\"de-sc-post-tabs__container uk-child-width-1-1 uk-child-width-1-1@s uk-child-width-1-1@m uk-child-width-1-3@l\" data-uk-grid=\"\">\r\n\t<li class=\"de-sc-post-slider__item uk-margin-remove-bottom  post-957 post type-post status-publish format-standard has-post-thumbnail hentry category-places-of-interest tag-la-palma-weather\">\r\n\t<div class=\"uk-text-left entry-wrapper\" style=\"\" data-uk-margin=\"margin:uk-margin-small\">\r\n\t\t\t\t<a class=\"uk-margin-medium de-ratio de-ratio-1-1\" href=\"https:\/\/hostalbubango.com\/en\/la-palma-weather\/\">\r\n\t\t\t<img loading=\"lazy\" decoding=\"async\" width=\"640\" height=\"426\" src=\"data:image\/png;base64,iVBORw0KGgoAAAANSUhEUgAAAAEAAAABCAYAAAFoEvQfAAAAGXRFWHRTb2Z0d2FyZQBBZG9iZSBJbWFnZVJlYWR5ccllPAAAA4RpVFh0WE1MOmNvbS5hZG9iZS54bXAAAAAAADw\/eHBhY2tldCBiZWdpbj0i77u\/IiBpZD0iVzVNME1wQ2VoaUh6cmVTek5UY3prYzlkIj8+IDx4OnhtcG1ldGEgeG1sbnM6eD0iYWRvYmU6bnM6bWV0YS8iIHg6eG1wdGs9IkFkb2JlIFhNUCBDb3JlIDUuNi1jMTExIDc5LjE1ODMyNSwgMjAxNS8wOS8xMC0wMToxMDoyMCAgICAgICAgIj4gPHJkZjpSREYgeG1sbnM6cmRmPSJodHRwOi8vd3d3LnczLm9yZy8xOTk5LzAyLzIyLXJkZi1zeW50YXgtbnMjIj4gPHJkZjpEZXNjcmlwdGlvbiByZGY6YWJvdXQ9IiIgeG1sbnM6eG1wTU09Imh0dHA6Ly9ucy5hZG9iZS5jb20veGFwLzEuMC9tbS8iIHhtbG5zOnN0UmVmPSJodHRwOi8vbnMuYWRvYmUuY29tL3hhcC8xLjAvc1R5cGUvUmVzb3VyY2VSZWYjIiB4bWxuczp4bXA9Imh0dHA6Ly9ucy5hZG9iZS5jb20veGFwLzEuMC8iIHhtcE1NOk9yaWdpbmFsRG9jdW1lbnRJRD0ieG1wLmRpZDowOTk4N2QyNS05ZmFkLTJhNDQtOGY1ZS1kMjMzZjk4NDA1N2IiIHhtcE1NOkRvY3VtZW50SUQ9InhtcC5kaWQ6ODM0QkY4N0RGOEIwMTFFNkJGMTI4Q0NFQURDNkZDMEMiIHhtcE1NOkluc3RhbmNlSUQ9InhtcC5paWQ6ODM0QkY4N0NGOEIwMTFFNkJGMTI4Q0NFQURDNkZDMEMiIHhtcDpDcmVhdG9yVG9vbD0iQWRvYmUgUGhvdG9zaG9wIENDIDIwMTUgKFdpbmRvd3MpIj4gPHhtcE1NOkRlcml2ZWRGcm9tIHN0UmVmOmluc3RhbmNlSUQ9InhtcC5paWQ6MDk5ODdkMjUtOWZhZC0yYTQ0LThmNWUtZDIzM2Y5ODQwNTdiIiBzdFJlZjpkb2N1bWVudElEPSJhZG9iZTpkb2NpZDpwaG90b3Nob3A6NGI1ZWJlZDctZjhiMC0xMWU2LTg3ZjAtZDE4OTI4MzI3NzFmIi8+IDwvcmRmOkRlc2NyaXB0aW9uPiA8L3JkZjpSREY+IDwveDp4bXBtZXRhPiA8P3hwYWNrZXQgZW5kPSJyIj8+\/GQgSgAAAA1JREFUeNpjOHjwIC8ABtsCUaEjc34AAAAASUVORK5CYII=\" class=\"de-ratio-content wp-post-image ds-lazy-image\" alt=\"El clima en La Palma\" data-uk-img=\"\" data-src=\"https:\/\/hostalbubango.com\/wp-content\/uploads\/2025\/11\/hostal-bubango-lapalma-1024x682.jpg\" data-srcset=\"https:\/\/hostalbubango.com\/wp-content\/uploads\/2025\/11\/hostal-bubango-lapalma-1024x682.jpg 1024w, https:\/\/hostalbubango.com\/wp-content\/uploads\/2025\/11\/hostal-bubango-lapalma-300x200.jpg 300w, https:\/\/hostalbubango.com\/wp-content\/uploads\/2025\/11\/hostal-bubango-lapalma-768x512.jpg 768w, https:\/\/hostalbubango.com\/wp-content\/uploads\/2025\/11\/hostal-bubango-lapalma.jpg 1250w\" data-sizes=\"(max-width: 640px) 100vw, 640px\" \/>\t\t<\/a>\r\n\t\t\t\t<div class=\"de-sc-post-slider__content \">\r\n\t\t\t<ul class=\"uk-flex uk-flex-left de-sc-post-slider__item--meta uk-text-small uk-subnav uk-subnav-divider uk-margin-small-bottom\"><li class=\"uk-width-auto\">\r\n\t\t\t<a href=\"https:\/\/hostalbubango.com\/en\/2025\/11\/10\/\" class=\"uk-link de-post-meta__date\">\r\n\t\t\t\t10 de November de 2025\r\n\t\t\t<\/a>\r\n\t\t\t<\/li><\/ul><h3 class=\"de-sc-post-slider__item--title uk-margin-remove\"><a class=\"uk-link\" href=\"https:\/\/hostalbubango.com\/en\/la-palma-weather\/\">La Palma weather<\/a><\/h3>\t\t\t\t\t\t\t\t\t\t\t\t\t\t\t\t<div class=\"de-archive__featured-content uk-margin uk-margin-remove-bottom\">\r\n\t\t\t\t\t\t\t<p class=\"uk-margin-remove\">\r\n\t\tThis is a question we get often- what to expect and what to wear? There are some particular features of our climate that are not so common elsewhere. First, because La Palma is so far out in the ocean, it\u2019s &hellip;\t<\/p>\r\n\t<a class=\"uk-margin-medium-top uk-button uk-button-default\" href=\"https:\/\/hostalbubango.com\/en\/la-palma-weather\/\">\r\n\t\tContinue Reading\t<\/a>\r\n\t\t\t\t\t<\/div>\r\n\t\t\t\t\t\t\t\t\t<\/div>\r\n\t<\/div>\r\n<\/li><li class=\"de-sc-post-slider__item uk-margin-remove-bottom  post-945 post type-post status-publish format-standard has-post-thumbnail hentry category-places-of-interest tag-cycling-destination\">\r\n\t<div class=\"uk-text-left entry-wrapper\" style=\"\" data-uk-margin=\"margin:uk-margin-small\">\r\n\t\t\t\t<a class=\"uk-margin-medium de-ratio de-ratio-1-1\" href=\"https:\/\/hostalbubango.com\/en\/la-palma-as-cycling-destination\/\">\r\n\t\t\t<img loading=\"lazy\" decoding=\"async\" width=\"640\" height=\"475\" src=\"data:image\/png;base64,iVBORw0KGgoAAAANSUhEUgAAAAEAAAABCAYAAAFoEvQfAAAAGXRFWHRTb2Z0d2FyZQBBZG9iZSBJbWFnZVJlYWR5ccllPAAAA4RpVFh0WE1MOmNvbS5hZG9iZS54bXAAAAAAADw\/eHBhY2tldCBiZWdpbj0i77u\/IiBpZD0iVzVNME1wQ2VoaUh6cmVTek5UY3prYzlkIj8+IDx4OnhtcG1ldGEgeG1sbnM6eD0iYWRvYmU6bnM6bWV0YS8iIHg6eG1wdGs9IkFkb2JlIFhNUCBDb3JlIDUuNi1jMTExIDc5LjE1ODMyNSwgMjAxNS8wOS8xMC0wMToxMDoyMCAgICAgICAgIj4gPHJkZjpSREYgeG1sbnM6cmRmPSJodHRwOi8vd3d3LnczLm9yZy8xOTk5LzAyLzIyLXJkZi1zeW50YXgtbnMjIj4gPHJkZjpEZXNjcmlwdGlvbiByZGY6YWJvdXQ9IiIgeG1sbnM6eG1wTU09Imh0dHA6Ly9ucy5hZG9iZS5jb20veGFwLzEuMC9tbS8iIHhtbG5zOnN0UmVmPSJodHRwOi8vbnMuYWRvYmUuY29tL3hhcC8xLjAvc1R5cGUvUmVzb3VyY2VSZWYjIiB4bWxuczp4bXA9Imh0dHA6Ly9ucy5hZG9iZS5jb20veGFwLzEuMC8iIHhtcE1NOk9yaWdpbmFsRG9jdW1lbnRJRD0ieG1wLmRpZDowOTk4N2QyNS05ZmFkLTJhNDQtOGY1ZS1kMjMzZjk4NDA1N2IiIHhtcE1NOkRvY3VtZW50SUQ9InhtcC5kaWQ6ODM0QkY4N0RGOEIwMTFFNkJGMTI4Q0NFQURDNkZDMEMiIHhtcE1NOkluc3RhbmNlSUQ9InhtcC5paWQ6ODM0QkY4N0NGOEIwMTFFNkJGMTI4Q0NFQURDNkZDMEMiIHhtcDpDcmVhdG9yVG9vbD0iQWRvYmUgUGhvdG9zaG9wIENDIDIwMTUgKFdpbmRvd3MpIj4gPHhtcE1NOkRlcml2ZWRGcm9tIHN0UmVmOmluc3RhbmNlSUQ9InhtcC5paWQ6MDk5ODdkMjUtOWZhZC0yYTQ0LThmNWUtZDIzM2Y5ODQwNTdiIiBzdFJlZjpkb2N1bWVudElEPSJhZG9iZTpkb2NpZDpwaG90b3Nob3A6NGI1ZWJlZDctZjhiMC0xMWU2LTg3ZjAtZDE4OTI4MzI3NzFmIi8+IDwvcmRmOkRlc2NyaXB0aW9uPiA8L3JkZjpSREY+IDwveDp4bXBtZXRhPiA8P3hwYWNrZXQgZW5kPSJyIj8+\/GQgSgAAAA1JREFUeNpjOHjwIC8ABtsCUaEjc34AAAAASUVORK5CYII=\" class=\"de-ratio-content wp-post-image ds-lazy-image\" alt=\"La Palma como destino ciclista\" data-uk-img=\"\" data-src=\"https:\/\/hostalbubango.com\/wp-content\/uploads\/2025\/11\/lapalma-cycling-hostalbubango.jpg\" data-srcset=\"https:\/\/hostalbubango.com\/wp-content\/uploads\/2025\/11\/lapalma-cycling-hostalbubango.jpg 839w, https:\/\/hostalbubango.com\/wp-content\/uploads\/2025\/11\/lapalma-cycling-hostalbubango-300x223.jpg 300w, https:\/\/hostalbubango.com\/wp-content\/uploads\/2025\/11\/lapalma-cycling-hostalbubango-768x570.jpg 768w\" data-sizes=\"(max-width: 640px) 100vw, 640px\" \/>\t\t<\/a>\r\n\t\t\t\t<div class=\"de-sc-post-slider__content \">\r\n\t\t\t<ul class=\"uk-flex uk-flex-left de-sc-post-slider__item--meta uk-text-small uk-subnav uk-subnav-divider uk-margin-small-bottom\"><li class=\"uk-width-auto\">\r\n\t\t\t<a href=\"https:\/\/hostalbubango.com\/en\/2025\/11\/10\/\" class=\"uk-link de-post-meta__date\">\r\n\t\t\t\t10 de November de 2025\r\n\t\t\t<\/a>\r\n\t\t\t<\/li><\/ul><h3 class=\"de-sc-post-slider__item--title uk-margin-remove\"><a class=\"uk-link\" href=\"https:\/\/hostalbubango.com\/en\/la-palma-as-cycling-destination\/\">La Palma as cycling destination<\/a><\/h3>\t\t\t\t\t\t\t\t\t\t\t\t\t\t\t\t<div class=\"de-archive__featured-content uk-margin uk-margin-remove-bottom\">\r\n\t\t\t\t\t\t\t<p class=\"uk-margin-remove\">\r\n\t\tOur little island is just as good- or in many aspects probably better- than most popular cycling destinations like Tenerife or Mallorca. At the same time we estimate that the island gets 1\/100 of the cycling visitors of the other &hellip;\t<\/p>\r\n\t<a class=\"uk-margin-medium-top uk-button uk-button-default\" href=\"https:\/\/hostalbubango.com\/en\/la-palma-as-cycling-destination\/\">\r\n\t\tContinue Reading\t<\/a>\r\n\t\t\t\t\t<\/div>\r\n\t\t\t\t\t\t\t\t\t<\/div>\r\n\t<\/div>\r\n<\/li><li class=\"de-sc-post-slider__item uk-margin-remove-bottom  post-936 post type-post status-publish format-standard has-post-thumbnail hentry category-places-of-interest tag-hiking tag-nacientes-marcos-y-cordero\">\r\n\t<div class=\"uk-text-left entry-wrapper\" style=\"\" data-uk-margin=\"margin:uk-margin-small\">\r\n\t\t\t\t<a class=\"uk-margin-medium de-ratio de-ratio-1-1\" href=\"https:\/\/hostalbubango.com\/en\/discover-the-nacientes-de-marcos-y-cordero\/\">\r\n\t\t\t<img loading=\"lazy\" decoding=\"async\" width=\"640\" height=\"406\" src=\"data:image\/png;base64,iVBORw0KGgoAAAANSUhEUgAAAAEAAAABCAYAAAFoEvQfAAAAGXRFWHRTb2Z0d2FyZQBBZG9iZSBJbWFnZVJlYWR5ccllPAAAA4RpVFh0WE1MOmNvbS5hZG9iZS54bXAAAAAAADw\/eHBhY2tldCBiZWdpbj0i77u\/IiBpZD0iVzVNME1wQ2VoaUh6cmVTek5UY3prYzlkIj8+IDx4OnhtcG1ldGEgeG1sbnM6eD0iYWRvYmU6bnM6bWV0YS8iIHg6eG1wdGs9IkFkb2JlIFhNUCBDb3JlIDUuNi1jMTExIDc5LjE1ODMyNSwgMjAxNS8wOS8xMC0wMToxMDoyMCAgICAgICAgIj4gPHJkZjpSREYgeG1sbnM6cmRmPSJodHRwOi8vd3d3LnczLm9yZy8xOTk5LzAyLzIyLXJkZi1zeW50YXgtbnMjIj4gPHJkZjpEZXNjcmlwdGlvbiByZGY6YWJvdXQ9IiIgeG1sbnM6eG1wTU09Imh0dHA6Ly9ucy5hZG9iZS5jb20veGFwLzEuMC9tbS8iIHhtbG5zOnN0UmVmPSJodHRwOi8vbnMuYWRvYmUuY29tL3hhcC8xLjAvc1R5cGUvUmVzb3VyY2VSZWYjIiB4bWxuczp4bXA9Imh0dHA6Ly9ucy5hZG9iZS5jb20veGFwLzEuMC8iIHhtcE1NOk9yaWdpbmFsRG9jdW1lbnRJRD0ieG1wLmRpZDowOTk4N2QyNS05ZmFkLTJhNDQtOGY1ZS1kMjMzZjk4NDA1N2IiIHhtcE1NOkRvY3VtZW50SUQ9InhtcC5kaWQ6ODM0QkY4N0RGOEIwMTFFNkJGMTI4Q0NFQURDNkZDMEMiIHhtcE1NOkluc3RhbmNlSUQ9InhtcC5paWQ6ODM0QkY4N0NGOEIwMTFFNkJGMTI4Q0NFQURDNkZDMEMiIHhtcDpDcmVhdG9yVG9vbD0iQWRvYmUgUGhvdG9zaG9wIENDIDIwMTUgKFdpbmRvd3MpIj4gPHhtcE1NOkRlcml2ZWRGcm9tIHN0UmVmOmluc3RhbmNlSUQ9InhtcC5paWQ6MDk5ODdkMjUtOWZhZC0yYTQ0LThmNWUtZDIzM2Y5ODQwNTdiIiBzdFJlZjpkb2N1bWVudElEPSJhZG9iZTpkb2NpZDpwaG90b3Nob3A6NGI1ZWJlZDctZjhiMC0xMWU2LTg3ZjAtZDE4OTI4MzI3NzFmIi8+IDwvcmRmOkRlc2NyaXB0aW9uPiA8L3JkZjpSREY+IDwveDp4bXBtZXRhPiA8P3hwYWNrZXQgZW5kPSJyIj8+\/GQgSgAAAA1JREFUeNpjOHjwIC8ABtsCUaEjc34AAAAASUVORK5CYII=\" class=\"de-ratio-content wp-post-image ds-lazy-image\" alt=\"Nacientes Marcos y Cordero\" data-uk-img=\"\" data-src=\"https:\/\/hostalbubango.com\/wp-content\/uploads\/2025\/11\/nacientes_marcos_y_cordero_01-gal-1024x650.jpg\" data-srcset=\"https:\/\/hostalbubango.com\/wp-content\/uploads\/2025\/11\/nacientes_marcos_y_cordero_01-gal-1024x650.jpg 1024w, https:\/\/hostalbubango.com\/wp-content\/uploads\/2025\/11\/nacientes_marcos_y_cordero_01-gal-300x190.jpg 300w, https:\/\/hostalbubango.com\/wp-content\/uploads\/2025\/11\/nacientes_marcos_y_cordero_01-gal-768x488.jpg 768w, https:\/\/hostalbubango.com\/wp-content\/uploads\/2025\/11\/nacientes_marcos_y_cordero_01-gal.jpg 1260w\" data-sizes=\"(max-width: 640px) 100vw, 640px\" \/>\t\t<\/a>\r\n\t\t\t\t<div class=\"de-sc-post-slider__content \">\r\n\t\t\t<ul class=\"uk-flex uk-flex-left de-sc-post-slider__item--meta uk-text-small uk-subnav uk-subnav-divider uk-margin-small-bottom\"><li class=\"uk-width-auto\">\r\n\t\t\t<a href=\"https:\/\/hostalbubango.com\/en\/2025\/11\/04\/\" class=\"uk-link de-post-meta__date\">\r\n\t\t\t\t4 de November de 2025\r\n\t\t\t<\/a>\r\n\t\t\t<\/li><\/ul><h3 class=\"de-sc-post-slider__item--title uk-margin-remove\"><a class=\"uk-link\" href=\"https:\/\/hostalbubango.com\/en\/discover-the-nacientes-de-marcos-y-cordero\/\">Discover the Nacientes de Marcos y Cordero<\/a><\/h3>\t\t\t\t\t\t\t\t\t\t\t\t\t\t\t\t<div class=\"de-archive__featured-content uk-margin uk-margin-remove-bottom\">\r\n\t\t\t\t\t\t\t<p class=\"uk-margin-remove\">\r\n\t\tHello, lovers of nature and the good life! From Hostal Bubango, your haven in San Andr\u00e9s y Sauces, we want to invite you to lace up your boots and explore the treasures hidden in our municipality. The Star Route: Nacientes &hellip;\t<\/p>\r\n\t<a class=\"uk-margin-medium-top uk-button uk-button-default\" href=\"https:\/\/hostalbubango.com\/en\/discover-the-nacientes-de-marcos-y-cordero\/\">\r\n\t\tContinue Reading\t<\/a>\r\n\t\t\t\t\t<\/div>\r\n\t\t\t\t\t\t\t\t\t<\/div>\r\n\t<\/div>\r\n<\/li><li class=\"de-sc-post-slider__item uk-margin-remove-bottom  post-896 post type-post status-publish format-standard has-post-thumbnail hentry category-places-of-interest\">\r\n\t<div class=\"uk-text-left entry-wrapper\" style=\"\" data-uk-margin=\"margin:uk-margin-small\">\r\n\t\t\t\t<a class=\"uk-margin-medium de-ratio de-ratio-1-1\" href=\"https:\/\/hostalbubango.com\/en\/san-andres-the-most-charming-village\/\">\r\n\t\t\t<img loading=\"lazy\" decoding=\"async\" width=\"640\" height=\"427\" src=\"data:image\/png;base64,iVBORw0KGgoAAAANSUhEUgAAAAEAAAABCAYAAAFoEvQfAAAAGXRFWHRTb2Z0d2FyZQBBZG9iZSBJbWFnZVJlYWR5ccllPAAAA4RpVFh0WE1MOmNvbS5hZG9iZS54bXAAAAAAADw\/eHBhY2tldCBiZWdpbj0i77u\/IiBpZD0iVzVNME1wQ2VoaUh6cmVTek5UY3prYzlkIj8+IDx4OnhtcG1ldGEgeG1sbnM6eD0iYWRvYmU6bnM6bWV0YS8iIHg6eG1wdGs9IkFkb2JlIFhNUCBDb3JlIDUuNi1jMTExIDc5LjE1ODMyNSwgMjAxNS8wOS8xMC0wMToxMDoyMCAgICAgICAgIj4gPHJkZjpSREYgeG1sbnM6cmRmPSJodHRwOi8vd3d3LnczLm9yZy8xOTk5LzAyLzIyLXJkZi1zeW50YXgtbnMjIj4gPHJkZjpEZXNjcmlwdGlvbiByZGY6YWJvdXQ9IiIgeG1sbnM6eG1wTU09Imh0dHA6Ly9ucy5hZG9iZS5jb20veGFwLzEuMC9tbS8iIHhtbG5zOnN0UmVmPSJodHRwOi8vbnMuYWRvYmUuY29tL3hhcC8xLjAvc1R5cGUvUmVzb3VyY2VSZWYjIiB4bWxuczp4bXA9Imh0dHA6Ly9ucy5hZG9iZS5jb20veGFwLzEuMC8iIHhtcE1NOk9yaWdpbmFsRG9jdW1lbnRJRD0ieG1wLmRpZDowOTk4N2QyNS05ZmFkLTJhNDQtOGY1ZS1kMjMzZjk4NDA1N2IiIHhtcE1NOkRvY3VtZW50SUQ9InhtcC5kaWQ6ODM0QkY4N0RGOEIwMTFFNkJGMTI4Q0NFQURDNkZDMEMiIHhtcE1NOkluc3RhbmNlSUQ9InhtcC5paWQ6ODM0QkY4N0NGOEIwMTFFNkJGMTI4Q0NFQURDNkZDMEMiIHhtcDpDcmVhdG9yVG9vbD0iQWRvYmUgUGhvdG9zaG9wIENDIDIwMTUgKFdpbmRvd3MpIj4gPHhtcE1NOkRlcml2ZWRGcm9tIHN0UmVmOmluc3RhbmNlSUQ9InhtcC5paWQ6MDk5ODdkMjUtOWZhZC0yYTQ0LThmNWUtZDIzM2Y5ODQwNTdiIiBzdFJlZjpkb2N1bWVudElEPSJhZG9iZTpkb2NpZDpwaG90b3Nob3A6NGI1ZWJlZDctZjhiMC0xMWU2LTg3ZjAtZDE4OTI4MzI3NzFmIi8+IDwvcmRmOkRlc2NyaXB0aW9uPiA8L3JkZjpSREY+IDwveDp4bXBtZXRhPiA8P3hwYWNrZXQgZW5kPSJyIj8+\/GQgSgAAAA1JREFUeNpjOHjwIC8ABtsCUaEjc34AAAAASUVORK5CYII=\" class=\"de-ratio-content wp-post-image ds-lazy-image\" alt=\"Plaza de San Andr\u00e9s\" data-uk-img=\"\" data-src=\"https:\/\/hostalbubango.com\/wp-content\/uploads\/2025\/03\/plaza-sanandres.jpg\" data-srcset=\"https:\/\/hostalbubango.com\/wp-content\/uploads\/2025\/03\/plaza-sanandres.jpg 1024w, https:\/\/hostalbubango.com\/wp-content\/uploads\/2025\/03\/plaza-sanandres-300x200.jpg 300w, https:\/\/hostalbubango.com\/wp-content\/uploads\/2025\/03\/plaza-sanandres-768x512.jpg 768w\" data-sizes=\"(max-width: 640px) 100vw, 640px\" \/>\t\t<\/a>\r\n\t\t\t\t<div class=\"de-sc-post-slider__content \">\r\n\t\t\t<ul class=\"uk-flex uk-flex-left de-sc-post-slider__item--meta uk-text-small uk-subnav uk-subnav-divider uk-margin-small-bottom\"><li class=\"uk-width-auto\">\r\n\t\t\t<a href=\"https:\/\/hostalbubango.com\/en\/2025\/03\/11\/\" class=\"uk-link de-post-meta__date\">\r\n\t\t\t\t11 de March de 2025\r\n\t\t\t<\/a>\r\n\t\t\t<\/li><\/ul><h3 class=\"de-sc-post-slider__item--title uk-margin-remove\"><a class=\"uk-link\" href=\"https:\/\/hostalbubango.com\/en\/san-andres-the-most-charming-village\/\">San Andr\u00e9s, the most charming village<\/a><\/h3>\t\t\t\t\t\t\t\t\t\t\t\t\t\t\t\t<div class=\"de-archive__featured-content uk-margin uk-margin-remove-bottom\">\r\n\t\t\t\t\t\t\t<p class=\"uk-margin-remove\">\r\n\t\tThe most charming village in the north of La Palma To visit the village of San Andr\u00e9s, in the northeast of La Palma, you have to cross the largest single-arch bridge in Spain. Once you cross it, you will arrive &hellip;\t<\/p>\r\n\t<a class=\"uk-margin-medium-top uk-button uk-button-default\" href=\"https:\/\/hostalbubango.com\/en\/san-andres-the-most-charming-village\/\">\r\n\t\tContinue Reading\t<\/a>\r\n\t\t\t\t\t<\/div>\r\n\t\t\t\t\t\t\t\t\t<\/div>\r\n\t<\/div>\r\n<\/li><li class=\"de-sc-post-slider__item uk-margin-remove-bottom  post-900 post type-post status-publish format-standard has-post-thumbnail hentry category-places-of-interest tag-centro-de-interpretacion tag-ron-aldea\">\r\n\t<div class=\"uk-text-left entry-wrapper\" style=\"\" data-uk-margin=\"margin:uk-margin-small\">\r\n\t\t\t\t<a class=\"uk-margin-medium de-ratio de-ratio-1-1\" href=\"https:\/\/hostalbubango.com\/en\/destiladera-ron-aldea\/\">\r\n\t\t\t<img loading=\"lazy\" decoding=\"async\" width=\"640\" height=\"427\" src=\"data:image\/png;base64,iVBORw0KGgoAAAANSUhEUgAAAAEAAAABCAYAAAFoEvQfAAAAGXRFWHRTb2Z0d2FyZQBBZG9iZSBJbWFnZVJlYWR5ccllPAAAA4RpVFh0WE1MOmNvbS5hZG9iZS54bXAAAAAAADw\/eHBhY2tldCBiZWdpbj0i77u\/IiBpZD0iVzVNME1wQ2VoaUh6cmVTek5UY3prYzlkIj8+IDx4OnhtcG1ldGEgeG1sbnM6eD0iYWRvYmU6bnM6bWV0YS8iIHg6eG1wdGs9IkFkb2JlIFhNUCBDb3JlIDUuNi1jMTExIDc5LjE1ODMyNSwgMjAxNS8wOS8xMC0wMToxMDoyMCAgICAgICAgIj4gPHJkZjpSREYgeG1sbnM6cmRmPSJodHRwOi8vd3d3LnczLm9yZy8xOTk5LzAyLzIyLXJkZi1zeW50YXgtbnMjIj4gPHJkZjpEZXNjcmlwdGlvbiByZGY6YWJvdXQ9IiIgeG1sbnM6eG1wTU09Imh0dHA6Ly9ucy5hZG9iZS5jb20veGFwLzEuMC9tbS8iIHhtbG5zOnN0UmVmPSJodHRwOi8vbnMuYWRvYmUuY29tL3hhcC8xLjAvc1R5cGUvUmVzb3VyY2VSZWYjIiB4bWxuczp4bXA9Imh0dHA6Ly9ucy5hZG9iZS5jb20veGFwLzEuMC8iIHhtcE1NOk9yaWdpbmFsRG9jdW1lbnRJRD0ieG1wLmRpZDowOTk4N2QyNS05ZmFkLTJhNDQtOGY1ZS1kMjMzZjk4NDA1N2IiIHhtcE1NOkRvY3VtZW50SUQ9InhtcC5kaWQ6ODM0QkY4N0RGOEIwMTFFNkJGMTI4Q0NFQURDNkZDMEMiIHhtcE1NOkluc3RhbmNlSUQ9InhtcC5paWQ6ODM0QkY4N0NGOEIwMTFFNkJGMTI4Q0NFQURDNkZDMEMiIHhtcDpDcmVhdG9yVG9vbD0iQWRvYmUgUGhvdG9zaG9wIENDIDIwMTUgKFdpbmRvd3MpIj4gPHhtcE1NOkRlcml2ZWRGcm9tIHN0UmVmOmluc3RhbmNlSUQ9InhtcC5paWQ6MDk5ODdkMjUtOWZhZC0yYTQ0LThmNWUtZDIzM2Y5ODQwNTdiIiBzdFJlZjpkb2N1bWVudElEPSJhZG9iZTpkb2NpZDpwaG90b3Nob3A6NGI1ZWJlZDctZjhiMC0xMWU2LTg3ZjAtZDE4OTI4MzI3NzFmIi8+IDwvcmRmOkRlc2NyaXB0aW9uPiA8L3JkZjpSREY+IDwveDp4bXBtZXRhPiA8P3hwYWNrZXQgZW5kPSJyIj8+\/GQgSgAAAA1JREFUeNpjOHjwIC8ABtsCUaEjc34AAAAASUVORK5CYII=\" class=\"de-ratio-content wp-post-image ds-lazy-image\" alt=\"Centro de Interpretaci\u00f3n de la Ca\u00f1a de Az\u00facar y el Ron\" data-uk-img=\"\" data-src=\"https:\/\/hostalbubango.com\/wp-content\/uploads\/2025\/03\/ronaldea-lossauces-1024x683.jpg\" data-srcset=\"https:\/\/hostalbubango.com\/wp-content\/uploads\/2025\/03\/ronaldea-lossauces-1024x683.jpg 1024w, https:\/\/hostalbubango.com\/wp-content\/uploads\/2025\/03\/ronaldea-lossauces-300x200.jpg 300w, https:\/\/hostalbubango.com\/wp-content\/uploads\/2025\/03\/ronaldea-lossauces-768x512.jpg 768w, https:\/\/hostalbubango.com\/wp-content\/uploads\/2025\/03\/ronaldea-lossauces-1536x1024.jpg 1536w, https:\/\/hostalbubango.com\/wp-content\/uploads\/2025\/03\/ronaldea-lossauces.jpg 1800w\" data-sizes=\"(max-width: 640px) 100vw, 640px\" \/>\t\t<\/a>\r\n\t\t\t\t<div class=\"de-sc-post-slider__content \">\r\n\t\t\t<ul class=\"uk-flex uk-flex-left de-sc-post-slider__item--meta uk-text-small uk-subnav uk-subnav-divider uk-margin-small-bottom\"><li class=\"uk-width-auto\">\r\n\t\t\t<a href=\"https:\/\/hostalbubango.com\/en\/2025\/03\/11\/\" class=\"uk-link de-post-meta__date\">\r\n\t\t\t\t11 de March de 2025\r\n\t\t\t<\/a>\r\n\t\t\t<\/li><\/ul><h3 class=\"de-sc-post-slider__item--title uk-margin-remove\"><a class=\"uk-link\" href=\"https:\/\/hostalbubango.com\/en\/destiladera-ron-aldea\/\">Destiladera Ron Aldea<\/a><\/h3>\t\t\t\t\t\t\t\t\t\t\t\t\t\t\t\t<div class=\"de-archive__featured-content uk-margin uk-margin-remove-bottom\">\r\n\t\t\t\t\t\t\t<p class=\"uk-margin-remove\">\r\n\t\tA rum saga in San Andr\u00e9s y Sauces At Trapiche El Melonar, you can learn about the history of sugar cane, the so-called sugar families, and sugar cane in La Palma. You can also see how they respect the original &hellip;\t<\/p>\r\n\t<a class=\"uk-margin-medium-top uk-button uk-button-default\" href=\"https:\/\/hostalbubango.com\/en\/destiladera-ron-aldea\/\">\r\n\t\tContinue Reading\t<\/a>\r\n\t\t\t\t\t<\/div>\r\n\t\t\t\t\t\t\t\t\t<\/div>\r\n\t<\/div>\r\n<\/li>\t<\/ul>\r\n\t\t\t<div class=\"uk-flex-first uk-width-1-1 uk-margin uk-margin-remove-top\">\r\n\t\t\t<ul class=\"uk-flex-left de-sc-post-tabs__filter\" data-uk-tab=\"\">\r\n\t\t\t\t\r\n\t\t\t\t<li class=\"uk-active\" data-uk-filter-control>\r\n\t\t\t\t\t<a href=\"#\">All<\/a>\r\n\t\t\t\t<\/li>\r\n\t\t\t\t\t\t\t\t\r\n\t\t\t\t\t<li data-uk-filter-control=\".category-places-of-interest\">\r\n\t\t\t\t\t\t<a href=\"#\">Places of interest<\/a>\r\n\t\t\t\t\t<\/li>\r\n\t\t\t\t\t\r\n\t\t\t\t\t\t\t<\/ul>\r\n\t\t<\/div>\r\n\t<\/div>\r\n<\/div>\r\n[\/vc_column][\/vc_row]<\/p>\n<\/div>","protected":false},"excerpt":{"rendered":"<p>[vc_row dahz_id=&#8221;1741694879967-e7f45efe-6de1&#8243;][vc_column dahz_id=&#8221;1741694879970-30cd6255-21f5&#8243;][\/vc_column][\/vc_row]<\/p>\n","protected":false},"author":1,"featured_media":0,"parent":0,"menu_order":0,"comment_status":"closed","ping_status":"closed","template":"","meta":{"footnotes":""},"class_list":["post-915","page","type-page","status-publish","hentry"],"_links":{"self":[{"href":"https:\/\/hostalbubango.com\/en\/wp-json\/wp\/v2\/pages\/915","targetHints":{"allow":["GET"]}}],"collection":[{"href":"https:\/\/hostalbubango.com\/en\/wp-json\/wp\/v2\/pages"}],"about":[{"href":"https:\/\/hostalbubango.com\/en\/wp-json\/wp\/v2\/types\/page"}],"author":[{"embeddable":true,"href":"https:\/\/hostalbubango.com\/en\/wp-json\/wp\/v2\/users\/1"}],"replies":[{"embeddable":true,"href":"https:\/\/hostalbubango.com\/en\/wp-json\/wp\/v2\/comments?post=915"}],"version-history":[{"count":5,"href":"https:\/\/hostalbubango.com\/en\/wp-json\/wp\/v2\/pages\/915\/revisions"}],"predecessor-version":[{"id":951,"href":"https:\/\/hostalbubango.com\/en\/wp-json\/wp\/v2\/pages\/915\/revisions\/951"}],"wp:attachment":[{"href":"https:\/\/hostalbubango.com\/en\/wp-json\/wp\/v2\/media?parent=915"}],"curies":[{"name":"wp","href":"https:\/\/api.w.org\/{rel}","templated":true}]}}